{"id":16991,"date":"2017-09-07T10:29:48","date_gmt":"2017-09-07T10:29:48","guid":{"rendered":"https:\/\/tigras.lt\/kolekcija\/"},"modified":"2022-09-21T23:50:08","modified_gmt":"2022-09-21T23:50:08","slug":"collection","status":"publish","type":"page","link":"https:\/\/tigras.lt\/en\/collection\/","title":{"rendered":"Collection"},"content":{"rendered":"<div id=\"tiger-collection\">[vc_row css_animation=&#8221;&#8221; row_type=&#8221;row&#8221; use_row_as_full_screen_section=&#8221;no&#8221; type=&#8221;full_width&#8221; angled_section=&#8221;no&#8221; text_align=&#8221;left&#8221; background_image_as_pattern=&#8221;without_pattern&#8221; css=&#8221;.vc_custom_1510604208298{background-image: url(https:\/\/tigras.lt\/wp-content\/uploads\/2017\/09\/69056333-tiger-wallpapers-as-Smart-Object-1-1.jpg?id=16722) !important;}&#8221;][vc_column][vc_empty_space][vc_column_text]<\/p>\n<h2 style=\"text-align: center\"><span style=\"color: #ffffff\">COLLECTION OF KARALI\u0160KAS TIGRAS<\/span><\/h2>\n<p>[\/vc_column_text][vc_separator type=&#8221;small&#8221; position=&#8221;center&#8221; color=&#8221;#ddad63&#8243; thickness=&#8221;1&#8243; up=&#8221;13&#8243;][vc_empty_space][vc_row_inner row_type=&#8221;row&#8221; type=&#8221;full_width&#8221; text_align=&#8221;center&#8221; css_animation=&#8221;element_from_fade&#8221; transition_delay=&#8221;2500&#8243;][vc_column_inner width=&#8221;1\/12&#8243;][\/vc_column_inner][vc_column_inner width=&#8221;1\/6&#8243;][vc_single_image image=&#8221;16103&#8243; img_size=&#8221;full&#8221; alignment=&#8221;center&#8221; style=&#8221;vc_box_shadow_3d&#8221; onclick=&#8221;custom_link&#8221; qode_css_animation=&#8221;&#8221; link=&#8221;https:\/\/tigras.lt\/kolekcija\/kailiniai\/&#8221;][vc_separator type=&#8221;transparent&#8221; up=&#8221;26&#8243;][vc_column_text]<\/p>\n<h5><a style=\"color: #ffffff\" href=\"https:\/\/tigras.lt\/kolekcija\/kailiniai\/\">KAILINIAI<\/a><\/h5>\n<p>[\/vc_column_text][vc_separator type=&#8221;transparent&#8221; up=&#8221;2&#8243;][vc_column_text]<span style=\"color: #ffffff\">Vyri\u0161ki ir moteri\u0161ki auidin\u0117s, sabalo, karakulio, \u0161in\u0161ilos kailiniai kiekvienam<\/span>[\/vc_column_text][vc_separator type=&#8221;transparent&#8221; up=&#8221;57&#8243;][\/vc_column_inner][vc_column_inner width=&#8221;1\/6&#8243;][vc_single_image image=&#8221;16104&#8243; img_size=&#8221;full&#8221; alignment=&#8221;center&#8221; style=&#8221;vc_box_shadow_3d&#8221; onclick=&#8221;custom_link&#8221; qode_css_animation=&#8221;&#8221; link=&#8221;https:\/\/tigras.lt\/kolekcija\/avikailiai\/&#8221;][vc_separator type=&#8221;transparent&#8221; up=&#8221;26&#8243;][vc_column_text]<\/p>\n<h5><a style=\"color: #ffffff\" href=\"https:\/\/tigras.lt\/kolekcija\/avikailiai\/\">AVIKAILIAI<\/a><\/h5>\n<p>[\/vc_column_text][vc_separator type=&#8221;transparent&#8221; up=&#8221;2&#8243;][vc_column_text]<span style=\"color: #ffffff\">Trump\u0173 bei ilg\u0173 avikaili\u0173 kolekcija. Savo model\u012f ras ne tik moterys, bet ir vyrai<\/span>[\/vc_column_text][vc_separator type=&#8221;transparent&#8221; up=&#8221;57&#8243;][\/vc_column_inner][vc_column_inner width=&#8221;1\/6&#8243;][vc_single_image image=&#8221;16105&#8243; img_size=&#8221;full&#8221; alignment=&#8221;center&#8221; style=&#8221;vc_box_shadow_3d&#8221; onclick=&#8221;custom_link&#8221; qode_css_animation=&#8221;&#8221; link=&#8221;https:\/\/tigras.lt\/kolekcija\/oda\/&#8221;][vc_separator type=&#8221;transparent&#8221; up=&#8221;26&#8243;][vc_column_text]<\/p>\n<h5><a style=\"color: #ffffff\" href=\"https:\/\/tigras.lt\/kolekcija\/oda\/\">ODA<\/a><\/h5>\n<p>[\/vc_column_text][vc_separator type=&#8221;transparent&#8221; up=&#8221;2&#8243;][vc_column_text]<span style=\"color: #ffffff\">Odini\u0173 drabu\u017ei\u0173 kolekcija. \u010cia rasite ne tik striukes ar \u0161varkus, bet damos ras ir sukneles bei sijonus.<\/span>[\/vc_column_text][vc_separator type=&#8221;transparent&#8221; up=&#8221;57&#8243;][\/vc_column_inner][vc_column_inner width=&#8221;1\/6&#8243;][vc_single_image image=&#8221;16126&#8243; img_size=&#8221;full&#8221; alignment=&#8221;center&#8221; style=&#8221;vc_box_shadow_3d&#8221; onclick=&#8221;custom_link&#8221; qode_css_animation=&#8221;&#8221; link=&#8221;https:\/\/tigras.lt\/kolekcija\/paltai\/&#8221;][vc_separator type=&#8221;transparent&#8221; up=&#8221;26&#8243;][vc_column_text]<\/p>\n<h5><a style=\"color: #ffffff\" href=\"https:\/\/tigras.lt\/kolekcija\/paltai\/\">PALTAI<\/a><\/h5>\n<p>[\/vc_column_text][vc_separator type=&#8221;transparent&#8221; up=&#8221;2&#8243;][vc_column_text]<span style=\"color: #ffffff\">Savo palt\u0105 ras tiek vyrai, tiek moterys, o pasirink\u0119 ka\u0161myrin\u012f palt\u0105 atrodysite itin eleganti\u0161kai.<\/span>[\/vc_column_text][vc_separator type=&#8221;transparent&#8221; up=&#8221;57&#8243;][\/vc_column_inner][vc_column_inner width=&#8221;1\/6&#8243;][vc_single_image image=&#8221;16128&#8243; img_size=&#8221;full&#8221; alignment=&#8221;center&#8221; style=&#8221;vc_box_shadow_3d&#8221; onclick=&#8221;custom_link&#8221; qode_css_animation=&#8221;&#8221; link=&#8221;https:\/\/tigras.lt\/kolekcija\/aksesuarai\/&#8221;][vc_separator type=&#8221;transparent&#8221; up=&#8221;26&#8243;][vc_column_text]<\/p>\n<h5><a style=\"color: #ffffff\" href=\"https:\/\/tigras.lt\/kolekcija\/aksesuarai\/\">AKSESUARAI<\/a><\/h5>\n<p>[\/vc_column_text][vc_separator type=&#8221;transparent&#8221; up=&#8221;2&#8243;][vc_column_text]<span style=\"color: #ffffff\">Galvos apdangalai, pir\u0161tin\u0117s, kailin\u0117s bei odin\u0117s rankin\u0117s<\/span>[\/vc_column_text][vc_separator type=&#8221;transparent&#8221; up=&#8221;57&#8243;][\/vc_column_inner][vc_column_inner width=&#8221;1\/12&#8243;][\/vc_column_inner][\/vc_row_inner][\/vc_column][\/vc_row]<\/p>\n<\/div>\n<p>[vc_column css=&#8221;.vc_custom_1504692245856{padding-top: 50px !important;padding-bottom: 50px !important;}&#8221;][\/vc_column]<\/p>\n","protected":false},"excerpt":{"rendered":"<p>[vc_row css_animation=&#8221;&#8221; row_type=&#8221;row&#8221; use_row_as_full_screen_section=&#8221;no&#8221; type=&#8221;full_width&#8221; angled_section=&#8221;no&#8221; text_align=&#8221;left&#8221; background_image_as_pattern=&#8221;without_pattern&#8221; css=&#8221;.vc_custom_1510604208298{background-image: url(https:\/\/tigras.lt\/wp-content\/uploads\/2017\/09\/69056333-tiger-wallpapers-as-Smart-Object-1-1.jpg?id=16722) !important;}&#8221;][vc_column][vc_empty_space][vc_column_text] COLLECTION OF KARALI\u0160KAS TIGRAS [\/vc_column_text][vc_separator type=&#8221;small&#8221; position=&#8221;center&#8221; color=&#8221;#ddad63&#8243; thickness=&#8221;1&#8243; up=&#8221;13&#8243;][vc_empty_space][vc_row_inner row_type=&#8221;row&#8221; type=&#8221;full_width&#8221; text_align=&#8221;center&#8221; css_animation=&#8221;element_from_fade&#8221; transition_delay=&#8221;2500&#8243;][vc_column_inner width=&#8221;1\/12&#8243;][\/vc_column_inner][vc_column_inner width=&#8221;1\/6&#8243;][vc_single_image image=&#8221;16103&#8243; img_size=&#8221;full&#8221; alignment=&#8221;center&#8221; style=&#8221;vc_box_shadow_3d&#8221; onclick=&#8221;custom_link&#8221; qode_css_animation=&#8221;&#8221; link=&#8221;https:\/\/tigras.lt\/kolekcija\/kailiniai\/&#8221;][vc_separator type=&#8221;transparent&#8221; up=&#8221;26&#8243;][vc_column_text] KAILINIAI [\/vc_column_text][vc_separator type=&#8221;transparent&#8221; up=&#8221;2&#8243;][vc_column_text]Vyri\u0161ki ir moteri\u0161ki auidin\u0117s, sabalo,&#8230;<\/p>\n","protected":false},"author":1,"featured_media":0,"parent":0,"menu_order":0,"comment_status":"closed","ping_status":"closed","template":"full_width.php","meta":[],"_links":{"self":[{"href":"https:\/\/tigras.lt\/en\/wp-json\/wp\/v2\/pages\/16991"}],"collection":[{"href":"https:\/\/tigras.lt\/en\/wp-json\/wp\/v2\/pages"}],"about":[{"href":"https:\/\/tigras.lt\/en\/wp-json\/wp\/v2\/types\/page"}],"author":[{"embeddable":true,"href":"https:\/\/tigras.lt\/en\/wp-json\/wp\/v2\/users\/1"}],"replies":[{"embeddable":true,"href":"https:\/\/tigras.lt\/en\/wp-json\/wp\/v2\/comments?post=16991"}],"version-history":[{"count":3,"href":"https:\/\/tigras.lt\/en\/wp-json\/wp\/v2\/pages\/16991\/revisions"}],"predecessor-version":[{"id":17619,"href":"https:\/\/tigras.lt\/en\/wp-json\/wp\/v2\/pages\/16991\/revisions\/17619"}],"wp:attachment":[{"href":"https:\/\/tigras.lt\/en\/wp-json\/wp\/v2\/media?parent=16991"}],"curies":[{"name":"wp","href":"https:\/\/api.w.org\/{rel}","templated":true}]}}